{"id":4109,"date":"2019-10-21T08:47:07","date_gmt":"2019-10-21T08:47:07","guid":{"rendered":"https:\/\/siekacz.pl\/podejscie\/"},"modified":"2024-08-29T13:28:19","modified_gmt":"2024-08-29T13:28:19","slug":"approach","status":"publish","type":"page","link":"https:\/\/siekacz.pl\/en\/approach\/","title":{"rendered":"APPROACH"},"content":{"rendered":"<section id=\"bt_bb_section69da24c49ff93\" class=\"bt_bb_section bt_bb_color_scheme_10 bt_bb_layout_boxed_1200 bt_bb_vertical_align_top bt_bb_background_overlay_dark_solid bt_bb_top_spacing_large bt_bb_bottom_spacing_large\" style=\"; --section-primary-color:#ffffff; --section-secondary-color:#1a243f;\" data-bt-override-class=\"null\"><div class=\"bt_bb_background_image_holder_wrapper\"><div class=\"bt_bb_background_image_holder btLazyLoadBackground\"  data-background_image_src=\"https:\/\/siekacz.pl\/wp-content\/uploads\/2020\/06\/20170509_baltyk-1_web.jpg\" data-parallax-zoom-start=\"1\" data-parallax-zoom-end=\"1\" data-parallax-blur-start=\"0\" data-parallax-blur-end=\"0\" data-parallax-opacity-start=\"1\" data-parallax-opacity-end=\"1\" style=\" background-image: url(&#039;https:\/\/siekacz.pl\/wp-content\/plugins\/bold-page-builder\/img\/blank.gif&#039;);\"><\/div><\/div><div class=\"bt_bb_port\"><div class=\"bt_bb_cell\"><div class=\"bt_bb_cell_inner\"><div class=\"bt_bb_row_wrapper\"><div  class=\"bt_bb_row\"  data-bt-override-class=\"{}\"><div  class=\"bt_bb_column col-md-12 col-ms-12 bt_bb_align_center bt_bb_animation_fade_in animate bt_bb_padding_normal bt_bb_animation_fade_in animate\"  data-width=\"12\"><div class=\"bt_bb_column_content bt_bb_vertical_align_top\"><div class=\"bt_bb_column_content_inner\"><div class=\"bt_bb_separator bt_bb_border_style_none bt_bb_bottom_spacing_large bt_bb_hidden_xs bt_bb_hidden_ms bt_bb_hidden_sm\" data-bt-override-class=\"null\"><\/div><div class=\"bt_bb_separator bt_bb_border_style_none bt_bb_bottom_spacing_normal bt_bb_hidden_xs bt_bb_hidden_ms bt_bb_hidden_sm\" data-bt-override-class=\"null\"><\/div><div class=\"bt_bb_separator bt_bb_border_style_none bt_bb_bottom_spacing_large bt_bb_hidden_xs bt_bb_hidden_ms bt_bb_hidden_sm\" data-bt-override-class=\"null\"><\/div><\/div><\/div><\/div><\/div><\/div><\/div><!-- cell_inner --><\/div><!-- cell --><\/div><!-- port --><\/section><section id=\"bt_bb_section69da24c4a047f\" class=\"bt_bb_section bt_bb_layout_wide bt_bb_vertical_align_top bt_bb_negative_margin_large\"  data-bt-override-class=\"null\"><div class=\"bt_bb_port\"><div class=\"bt_bb_cell\"><div class=\"bt_bb_cell_inner\"><div class=\"bt_bb_row_wrapper\"><div  class=\"bt_bb_row bt_bb_layout_special btOverlapLeft\"  data-bt-override-class=\"{}\"><div  class=\"bt_bb_column btWithIcon col-md-6 col-sm-12 bt_bb_align_right bt_bb_animation_fade_in animate bt_bb_icon_color_scheme_6 bt_bb_padding_normal bt_bb_animation_fade_in animate\"  data-width=\"6\"><div class=\"bt_bb_column_content bt_bb_vertical_align_top\"><div class=\"bt_bb_column_icon\"><span  data-ico-icon7stroke=\"&#xe662;\" class=\"bt_bb_icon_holder\"><\/span><\/div><div class=\"bt_bb_column_content_inner\"><header data-bb-version=\"4.8.4\" class=\"bt_bb_headline bt_bb_subheadline_text_transform_default bt_bb_color_scheme_14 bt_bb_dash_none bt_bb_superheadline bt_bb_size_normal bt_bb_align_inherit\" style=\"; --primary-color:#1a243f; --secondary-color:#B07C4B;\" data-bt-override-class=\"{&quot;bt_bb_align_&quot;:{&quot;current_class&quot;:&quot;bt_bb_align_inherit&quot;,&quot;xxl&quot;:&quot;inherit&quot;}}\"><h1 class=\"bt_bb_headline_tag\"><span class=\"bt_bb_headline_superheadline\">01 ______ HOW DO WE PROVIDE CURRENT CUSTOMER SUPPORT?<\/span><span class=\"bt_bb_headline_content\"><span>The ongoing support in the legal and organizational challenges of our Clients requires us to perfectly<br \/>\r\norganize our work and to understand our Clients' business.<\/span><\/span><\/h1><\/header><div class=\"bt_bb_separator bt_bb_border_style_none bt_bb_bottom_spacing_normal\" data-bt-override-class=\"null\"><\/div><div  class=\"bt_bb_text\" ><p>Our effectiveness in this sphere is to efficiently and quickly protect their interests. As part of ongoing support, our task is often to define and minimize legal risk associated with specific Client decisions. We provide a significant contribution to business decisions made by Clients.<\/p>\n<\/div><div class=\"bt_bb_separator bt_bb_border_style_none bt_bb_bottom_spacing_medium\" data-bt-override-class=\"null\"><\/div><\/div><\/div><\/div><div  class=\"bt_bb_column col-md-6 col-sm-12 bt_bb_align_left bt_bb_animation_fade_in animate bt_bb_color_scheme_10 bt_bb_padding_normal bt_bb_animation_fade_in animate\"  data-width=\"6\"><div class=\"bt_bb_column_content bt_bb_vertical_align_top bt_bb_color_scheme_10\"><div class=\"bt_bb_column_content_inner\"><div class=\"bt_bb_service bt_bb_color_scheme_6 bt_bb_title_color_scheme_6 bt_bb_style_borderless bt_bb_size_xlarge bt_bb_shape_square bt_bb_align_left\"><span  data-ico-essential=\"&#xea55;\" class=\"bt_bb_icon_holder\"><\/span><div class=\"bt_bb_service_content\"><div class=\"bt_bb_service_content_title\">ACTIVE PROTECTION SYSTEM<\/div><div class=\"bt_bb_service_content_text\">We focus on making sure that difficult situations that occur among our Clients do not happen twice. We redefine legal risk and implement such system solutions that will protect the Client in the future in similar circumstances.<\/div><\/div><\/div><div class=\"bt_bb_separator bt_bb_border_style_none bt_bb_bottom_spacing_35\" data-bt-override-class=\"null\"><\/div><div class=\"bt_bb_service bt_bb_color_scheme_6 bt_bb_title_color_scheme_6 bt_bb_style_borderless bt_bb_size_xlarge bt_bb_shape_square bt_bb_align_left\"><span  data-ico-essential=\"&#xe9d4;\" class=\"bt_bb_icon_holder\"><\/span><div class=\"bt_bb_service_content\"><div class=\"bt_bb_service_content_title\">INTERCONNECTED SYSTEM<\/div><div class=\"bt_bb_service_content_text\">In order to be effective, our projects require cooperation with the Client, their employees and specialists in<br \/>\r\nvarious fields (experts or advisers)<\/div><\/div><\/div><div class=\"bt_bb_separator bt_bb_border_style_none bt_bb_bottom_spacing_35\" data-bt-override-class=\"null\"><\/div><div class=\"bt_bb_service bt_bb_color_scheme_6 bt_bb_title_color_scheme_6 bt_bb_style_borderless bt_bb_size_xlarge bt_bb_shape_square bt_bb_align_left\"><span  data-ico-icon7stroke=\"&#xe693;\" class=\"bt_bb_icon_holder\"><\/span><div class=\"bt_bb_service_content\"><div class=\"bt_bb_service_content_title\">WORK IN THE DESIGN SYSTEM<\/div><div class=\"bt_bb_service_content_text\">When implementing projects for clients, we appoint project teams and coordinate their work.<\/div><\/div><\/div><div class=\"bt_bb_separator bt_bb_border_style_none bt_bb_bottom_spacing_35\" data-bt-override-class=\"null\"><\/div><div class=\"bt_bb_service bt_bb_color_scheme_6 bt_bb_title_color_scheme_6 bt_bb_style_borderless bt_bb_size_xlarge bt_bb_shape_square bt_bb_align_left\"><span  data-ico-business=\"&#xf152;\" class=\"bt_bb_icon_holder\"><\/span><div class=\"bt_bb_service_content\"><div class=\"bt_bb_service_content_title\">PROFESSIONAL SUPPORT OF ACTIVITIES<\/div><div class=\"bt_bb_service_content_text\">We are actively supported by consulting companies, statutory auditors, accountants, and company valuation specialists.<\/div><\/div><\/div><div class=\"bt_bb_separator bt_bb_border_style_none bt_bb_bottom_spacing_35\" data-bt-override-class=\"null\"><\/div><div class=\"bt_bb_service bt_bb_color_scheme_6 bt_bb_title_color_scheme_6 bt_bb_style_borderless bt_bb_size_xlarge bt_bb_shape_square bt_bb_align_left\"><span  data-ico-dripicons=\"&#xe92b;\" class=\"bt_bb_icon_holder\"><\/span><div class=\"bt_bb_service_content\"><div class=\"bt_bb_service_content_title\">DELIBERATE AND THOUGHTFUL PLAN<\/div><div class=\"bt_bb_service_content_text\">A good plan ensures that the goals are achieved within the set deadlines and budgetary framework.<\/div><\/div><\/div><\/div><\/div><\/div><\/div><\/div><\/div><!-- cell_inner --><\/div><!-- cell --><\/div><!-- port --><\/section><section id=\"bt_bb_section69da24c4a12a6\" class=\"bt_bb_section bt_bb_layout_wide bt_bb_vertical_align_top\"  data-bt-override-class=\"null\"><div class=\"bt_bb_port\"><div class=\"bt_bb_cell\"><div class=\"bt_bb_cell_inner\"><div class=\"bt_bb_row_wrapper\"><div  class=\"bt_bb_row bt_bb_layout_special btOverlapRight\"  data-bt-override-class=\"{}\"><div  class=\"bt_bb_column col-md-6 col-sm-12 bt_bb_align_left bt_bb_padding_normal\"  data-width=\"6\"><div class=\"bt_bb_column_content bt_bb_vertical_align_top bt_bb_column_background_image\" style=\"background-image:url(&#039;https:\/\/siekacz.pl\/wp-content\/uploads\/2020\/06\/low-angle-view-of-office-building-against-clear-sky-258160.jpg&#039;);\"><div class=\"bt_bb_column_content_inner\"><div class=\"bt_bb_separator bt_bb_border_style_none bt_bb_bottom_spacing_extra_large\" data-bt-override-class=\"null\"><\/div><\/div><\/div><\/div><div  class=\"bt_bb_column btWithIcon col-md-6 col-sm-12 bt_bb_align_left bt_bb_animation_fade_in animate bt_bb_padding_normal bt_bb_animation_fade_in animate\"  data-width=\"6\"><div class=\"bt_bb_column_content bt_bb_vertical_align_top\"><div class=\"bt_bb_column_icon\"><span  data-ico-icon7stroke=\"&#xe662;\" class=\"bt_bb_icon_holder\"><\/span><\/div><div class=\"bt_bb_column_content_inner\"><header class=\"bt_bb_headline bt_bb_color_scheme_5 bt_bb_dash_none bt_bb_superheadline bt_bb_size_medium bt_bb_align_inherit\" style=\"; --primary-color:#191919; --secondary-color:#B07C4B;\" data-bt-override-class=\"{&quot;bt_bb_align_&quot;:{&quot;current_class&quot;:&quot;bt_bb_align_inherit&quot;,&quot;xxl&quot;:&quot;inherit&quot;,&quot;xl&quot;:&quot;inherit&quot;}}\"><h3 class=\"bt_bb_headline_tag\"><span class=\"bt_bb_headline_superheadline\">02 ______ WHAT CUSTOMER PROJECTS DO WE PARTICIPATE IN?<\/span><span class=\"bt_bb_headline_content\"><span>The Law Office is actively involved in defining, planning, coordinating and implementing ventures (projects) in various areas of our Clients' operations. It includes the following spheres:<\/span><\/span><\/h3><\/header><div class=\"bt_bb_separator bt_bb_border_style_none bt_bb_bottom_spacing_50\" data-bt-override-class=\"null\"><\/div><div class=\"bt_bb_row_wrapper\"><div  class=\"bt_bb_row_inner\"  data-bt-override-class=\"{}\"><div  class=\"bt_bb_column_inner none col-md-12 col-ms-12 bt_bb_align_left bt_bb_vertical_align_top bt_bb_padding_normal\"  data-width=\"12\"><div class=\"bt_bb_column_inner_content\"><div class=\"bt_bb_link\"><div class=\"bt_bb_link_content\"><span class=\"bt_bb_link_text\">organizational (processes, procedures)<\/span><\/div><\/div><div class=\"bt_bb_separator bt_bb_border_style_none bt_bb_bottom_spacing_small\" data-bt-override-class=\"null\"><\/div><div class=\"bt_bb_link\"><div class=\"bt_bb_link_content\"><span class=\"bt_bb_link_text\"> organizational and legal (regulations, Corporate Governance, sales and contracting processes),<\/span><\/div><\/div><div class=\"bt_bb_separator bt_bb_border_style_none bt_bb_bottom_spacing_small\" data-bt-override-class=\"null\"><\/div><div class=\"bt_bb_link\"><div class=\"bt_bb_link_content\"><span class=\"bt_bb_link_text\"> structural (transformation, organizational and legal changes of different nature, creation of branches)<\/span><\/div><\/div><div class=\"bt_bb_separator bt_bb_border_style_none bt_bb_bottom_spacing_small\" data-bt-override-class=\"null\"><\/div><div class=\"bt_bb_link\"><div class=\"bt_bb_link_content\"><span class=\"bt_bb_link_text\">acquisition (processes of acquiring enterprises, shares, real estate and other assets)<\/span><\/div><\/div><div class=\"bt_bb_separator bt_bb_border_style_none bt_bb_bottom_spacing_small\" data-bt-override-class=\"null\"><\/div><div class=\"bt_bb_link\"><div class=\"bt_bb_link_content\"><span class=\"bt_bb_link_text\"> financing of Clients\u2019 operations (negotiating contracts with financial institutions, supervising compliance with concluded contracts and renewing contracts related to the financing granted).<\/span><\/div><\/div><div class=\"bt_bb_separator bt_bb_border_style_none bt_bb_bottom_spacing_small\" data-bt-override-class=\"null\"><\/div><div class=\"bt_bb_link\"><div class=\"bt_bb_link_content\"><span class=\"bt_bb_link_text\">We also actively participate in the processes of building our Clients' products, as well as in Research &amp; Development activities in which legal aspects are of key importance (e.g. trademarketing products, projects requiring software or IT infrastructure).<\/span><\/div><\/div><div class=\"bt_bb_separator bt_bb_border_style_none bt_bb_bottom_spacing_small bt_bb_hidden_md bt_bb_hidden_lg\" data-bt-override-class=\"null\"><\/div><\/div><\/div><\/div><\/div><\/div><\/div><\/div><\/div><\/div><\/div><!-- cell_inner --><\/div><!-- cell --><\/div><!-- port --><\/section><section id=\"bt_bb_section69da24c4a2325\" class=\"bt_bb_section bt_bb_layout_wide bt_bb_vertical_align_top\"  data-bt-override-class=\"null\"><div class=\"bt_bb_port\"><div class=\"bt_bb_cell\"><div class=\"bt_bb_cell_inner\"><div class=\"bt_bb_row_wrapper\"><div  class=\"bt_bb_row bt_bb_layout_special btOverlapLeft\"  data-bt-override-class=\"{}\"><div  class=\"bt_bb_column btWithIcon col-md-6 col-sm-12 bt_bb_align_right bt_bb_animation_fade_in animate bt_bb_icon_color_scheme_6 bt_bb_padding_normal bt_bb_animation_fade_in animate\"  data-width=\"6\"><div class=\"bt_bb_column_content bt_bb_vertical_align_top\"><div class=\"bt_bb_column_icon\"><span  data-ico-icon7stroke=\"&#xe6b4;\" class=\"bt_bb_icon_holder\"><\/span><\/div><div class=\"bt_bb_column_content_inner\"><header class=\"bt_bb_headline bt_bb_color_scheme_14 bt_bb_dash_none bt_bb_superheadline bt_bb_size_normal bt_bb_align_inherit\" style=\"; --primary-color:#1a243f; --secondary-color:#B07C4B;\" data-bt-override-class=\"{&quot;bt_bb_align_&quot;:{&quot;current_class&quot;:&quot;bt_bb_align_inherit&quot;,&quot;xxl&quot;:&quot;inherit&quot;,&quot;xl&quot;:&quot;inherit&quot;}}\"><h3 class=\"bt_bb_headline_tag\"><span class=\"bt_bb_headline_superheadline\">03 ______ HOW DO WE TREAT OUR CUSTOMERS' DISPUTES?<\/span><span class=\"bt_bb_headline_content\"><span>We treat our Clients' disputes like any other challenge facing their business. <\/span><\/span><\/h3><\/header><div class=\"bt_bb_separator bt_bb_border_style_none bt_bb_bottom_spacing_small\" data-bt-override-class=\"null\"><\/div><div  class=\"bt_bb_text\" ><p>We try to thoroughly understand their causes, define the factual and legal situation of the Client in the context of the dispute. We point to different ways to end disputes, encouraging those in which the Client participates and contributes to their own legal situation. However, oftentimes, the only way to end a dispute leads through a trial in court. In such situations, we provide Clients with full professional support.<\/p>\n<p>By preparing the Client\u2019s contribution to making decisions, we not only embed their decisions in the perspective of costs and financial risk, but we also show other important aspects \u2013 such as the aspect of time, attention and energy related to a specific way to end the dispute. We devote a lot of attention to the goals that guide the Client in a particular disputed situation, we look at them in the context of other needs of the Client\u2019s business. Sometimes the Client\u2019s goals are realized on the business and financial level, sometimes they relate to their prestige, ambition, good name and sense of justice.<\/p>\n<p>This approach helps our clients make the right decisions.<\/p>\n<\/div><div class=\"bt_bb_separator bt_bb_border_style_none bt_bb_bottom_spacing_medium\" data-bt-override-class=\"null\"><\/div><div class=\"bt_bb_button bt_bb_color_scheme_3 bt_bb_style_clean bt_bb_size_large bt_bb_width_inline bt_bb_shape_inherit\"><a href=\"https:\/\/siekacz.pl\/en\/contact\/\" target=\"_self\" class=\"bt_bb_link\" title=\"IF YOU NEED THIS KIND OF SUPPORT, CONTACT US\"><span class=\"bt_bb_button_text\">IF YOU NEED THIS KIND OF SUPPORT, CONTACT US<\/span><\/a><\/div><\/div><\/div><\/div><div  class=\"bt_bb_column col-md-6 col-sm-12 bt_bb_align_right bt_bb_padding_normal\"  data-width=\"6\"><div class=\"bt_bb_column_content bt_bb_vertical_align_top bt_bb_column_background_image\" style=\"background-image:url(&#039;https:\/\/siekacz.pl\/wp-content\/uploads\/2020\/06\/man-carrying-backpack-standing-on-rock-formation-1576939-scaled.jpg&#039;);\"><div class=\"bt_bb_column_content_inner\"><div class=\"bt_bb_separator bt_bb_border_style_none bt_bb_bottom_spacing_extra_large\" data-bt-override-class=\"null\"><\/div><\/div><\/div><\/div><\/div><\/div><\/div><!-- cell_inner --><\/div><!-- cell --><\/div><!-- port --><\/section><section id=\"bt_bb_section69da24c4a2d21\" class=\"bt_bb_section bt_bb_color_scheme_2 bt_bb_layout_boxed_1200 bt_bb_vertical_align_top bt_bb_top_spacing_large bt_bb_bottom_spacing_large\" style=\"; --section-primary-color:#191919; --section-secondary-color:#ffffff;\" data-bt-override-class=\"null\"><div class=\"bt_bb_port\"><div class=\"bt_bb_cell\"><div class=\"bt_bb_cell_inner\"><div class=\"bt_bb_row_wrapper\"><div  class=\"bt_bb_row\"  data-bt-override-class=\"{}\"><div  class=\"bt_bb_column col-md-12 col-ms-12 bt_bb_align_left bt_bb_animation_fade_in animate bt_bb_padding_normal bt_bb_animation_fade_in animate\"  data-width=\"12\"><div class=\"bt_bb_column_content bt_bb_vertical_align_top\"><div class=\"bt_bb_column_content_inner\"><header class=\"bt_bb_headline bt_bb_color_scheme_5 bt_bb_dash_none bt_bb_superheadline bt_bb_size_medium bt_bb_align_inherit\" style=\"; --primary-color:#191919; --secondary-color:#B07C4B;\" data-bt-override-class=\"{&quot;bt_bb_align_&quot;:{&quot;current_class&quot;:&quot;bt_bb_align_inherit&quot;,&quot;xxl&quot;:&quot;inherit&quot;,&quot;xl&quot;:&quot;inherit&quot;}}\"><h3 class=\"bt_bb_headline_tag\"><span class=\"bt_bb_headline_superheadline\">04 ______ WHAT DO THE COMPREHENSIV E PROJECTS OF THE LAW OFFICE LOOK LIKE?<\/span><span class=\"bt_bb_headline_content\"><span>OUR CASE STUDIES :<\/span><\/span><\/h3><\/header><div class=\"bt_bb_separator bt_bb_border_style_none bt_bb_bottom_spacing_normal\" data-bt-override-class=\"null\"><\/div><\/div><\/div><\/div><\/div><\/div><div class=\"bt_bb_row_wrapper\"><div  class=\"bt_bb_row btPortfolioRow\"  data-bt-override-class=\"{}\"><div  class=\"bt_bb_column col-md-12 col-ms-12 bt_bb_align_left bt_bb_padding_normal\"  data-width=\"12\"><div class=\"bt_bb_column_content bt_bb_vertical_align_top\"><div class=\"bt_bb_column_content_inner\"><div class=\"bt_bb_latest_posts bt_bb_columns_2 bt_bb_gap_normal\"><div class=\"bt_bb_latest_posts_item\"><div class=\"bt_bb_latest_posts_item_inner\"><div class=\"bt_bb_latest_posts_item_image\"><a href=\"https:\/\/siekacz.pl\/en\/umowa-sprzedazy-jakie-zapisy-musza-znalezc-sie-w-kontrakcie\/\" target=\"_self\"><img src=\"https:\/\/siekacz.pl\/wp-content\/plugins\/bold-page-builder\/img\/blank.gif\" alt=\"Umowa sprzeda\u017cy &#8211; jakie zapisy musz\u0105 znale\u017a\u0107 si\u0119 w kontrakcie\" title=\"Umowa sprzeda\u017cy &#8211; jakie zapisy musz\u0105 znale\u017a\u0107 si\u0119 w kontrakcie\" class=\"btLazyLoadImage\"  data-image_src=\"https:\/\/siekacz.pl\/wp-content\/uploads\/2025\/06\/wspolpracownicy-biznesowi-podaja-sobie-rece-podczas-spotkania-w-biurze-nacisk-na-biznesmena-640x427.jpg\"><\/a><\/div><div class=\"bt_bb_latest_posts_item_content\"><div class=\"bt_bb_latest_posts_item_content_box\"><div class=\"bt_bb_latest_posts_item_date\"><span class=\"bt_bb_latest_posts_item_date_day\">27<\/span><span class=\"bt_bb_latest_posts_item_date_month\">Jan<\/span><\/div><h5 class=\"bt_bb_latest_posts_item_title\"><a href=\"https:\/\/siekacz.pl\/en\/umowa-sprzedazy-jakie-zapisy-musza-znalezc-sie-w-kontrakcie\/\" target=\"_self\">Umowa sprzeda\u017cy &#8211; jakie zapisy musz\u0105 znale\u017a\u0107 si\u0119 w kontrakcie<\/a><\/h5><\/div><\/div><\/div><\/div><div class=\"bt_bb_latest_posts_item\"><div class=\"bt_bb_latest_posts_item_inner\"><div class=\"bt_bb_latest_posts_item_image\"><a href=\"https:\/\/siekacz.pl\/en\/due-diligence-jak-sie-przygotowac-i-czego-oczekiwac-od-nabywcy\/\" target=\"_self\"><img src=\"https:\/\/siekacz.pl\/wp-content\/plugins\/bold-page-builder\/img\/blank.gif\" alt=\"Due diligence: Jak si\u0119 przygotowa\u0107 i czego oczekiwa\u0107 od nabywcy?\" title=\"Due diligence: Jak si\u0119 przygotowa\u0107 i czego oczekiwa\u0107 od nabywcy?\" class=\"btLazyLoadImage\"  data-image_src=\"https:\/\/siekacz.pl\/wp-content\/uploads\/2026\/01\/grupa-ludzi-pracujaca-biznes-plan-w-biurze-1-640x427.jpg\"><\/a><\/div><div class=\"bt_bb_latest_posts_item_content\"><div class=\"bt_bb_latest_posts_item_content_box\"><div class=\"bt_bb_latest_posts_item_date\"><span class=\"bt_bb_latest_posts_item_date_day\">22<\/span><span class=\"bt_bb_latest_posts_item_date_month\">Jan<\/span><\/div><h5 class=\"bt_bb_latest_posts_item_title\"><a href=\"https:\/\/siekacz.pl\/en\/due-diligence-jak-sie-przygotowac-i-czego-oczekiwac-od-nabywcy\/\" target=\"_self\">Due diligence: Jak si\u0119 przygotowa\u0107 i czego oczekiwa\u0107 od nabywcy?<\/a><\/h5><\/div><\/div><\/div><\/div><\/div><\/div><\/div><\/div><\/div><\/div><\/div><!-- cell_inner --><\/div><!-- cell --><\/div><!-- port --><\/section>","protected":false},"excerpt":{"rendered":"","protected":false},"author":2,"featured_media":0,"parent":0,"menu_order":0,"comment_status":"closed","ping_status":"closed","template":"","meta":[],"aioseo_notices":[],"_links":{"self":[{"href":"https:\/\/siekacz.pl\/en\/wp-json\/wp\/v2\/pages\/4109"}],"collection":[{"href":"https:\/\/siekacz.pl\/en\/wp-json\/wp\/v2\/pages"}],"about":[{"href":"https:\/\/siekacz.pl\/en\/wp-json\/wp\/v2\/types\/page"}],"author":[{"embeddable":true,"href":"https:\/\/siekacz.pl\/en\/wp-json\/wp\/v2\/users\/2"}],"replies":[{"embeddable":true,"href":"https:\/\/siekacz.pl\/en\/wp-json\/wp\/v2\/comments?post=4109"}],"version-history":[{"count":7,"href":"https:\/\/siekacz.pl\/en\/wp-json\/wp\/v2\/pages\/4109\/revisions"}],"predecessor-version":[{"id":4501,"href":"https:\/\/siekacz.pl\/en\/wp-json\/wp\/v2\/pages\/4109\/revisions\/4501"}],"wp:attachment":[{"href":"https:\/\/siekacz.pl\/en\/wp-json\/wp\/v2\/media?parent=4109"}],"curies":[{"name":"wp","href":"https:\/\/api.w.org\/{rel}","templated":true}]}}