{"id":4169,"date":"2021-07-27T19:01:28","date_gmt":"2021-07-27T19:01:28","guid":{"rendered":"https:\/\/siekacz.pl\/?page_id=4169"},"modified":"2024-08-29T13:32:03","modified_gmt":"2024-08-29T13:32:03","slug":"team","status":"publish","type":"page","link":"https:\/\/siekacz.pl\/en\/team\/","title":{"rendered":"Team"},"content":{"rendered":"<section id=\"bt_bb_section69da44799018c\" class=\"bt_bb_section bt_bb_layout_boxed_1200 bt_bb_vertical_align_top bt_bb_top_spacing_large bt_bb_bottom_spacing_medium\"  data-bt-override-class=\"null\"><div class=\"bt_bb_port\"><div class=\"bt_bb_cell\"><div class=\"bt_bb_cell_inner\"><div class=\"bt_bb_row_wrapper\"><div  class=\"bt_bb_row\"  data-bt-override-class=\"{}\"><div  class=\"bt_bb_column col-md-12 col-ms-12 bt_bb_align_center bt_bb_animation_fade_in animate bt_bb_padding_normal bt_bb_animation_fade_in animate\"  data-width=\"12\"><div class=\"bt_bb_column_content bt_bb_vertical_align_top\"><div class=\"bt_bb_column_content_inner\"><div class=\"bt_bb_separator bt_bb_border_style_none bt_bb_bottom_spacing_normal\" data-bt-override-class=\"null\"><\/div><header data-bb-version=\"4.8.4\" class=\"bt_bb_headline bt_bb_subheadline_text_transform_default bt_bb_dash_gray bt_bb_superheadline bt_bb_subheadline bt_bb_size_large bt_bb_align_inherit\" data-bt-override-class=\"{&quot;bt_bb_align_&quot;:{&quot;current_class&quot;:&quot;bt_bb_align_inherit&quot;,&quot;xxl&quot;:&quot;inherit&quot;}}\"><h1 class=\"bt_bb_headline_tag\"><span class=\"bt_bb_headline_superheadline\">KIM JESTE\u015aMY JAKO ZESP\u00d3\u0141?<\/span><span class=\"bt_bb_headline_content\"><span>We are a <strong>young, creative and innovative team<\/strong>. <\/span><\/span><\/h1><div class=\"bt_bb_headline_subheadline\">Members of our team have extensive experience in conducting not only ongoing legal services, but also conducting and coordinating complex, multi-stage project enterprises. Another feature of our team is the diversity of experiences and points of view, which<br \/>\r\nallows us to achieve optimal quality and efficiency in the team's activities.<\/div><\/header><div class=\"bt_bb_separator bt_bb_border_style_none bt_bb_bottom_spacing_medium\" data-bt-override-class=\"null\"><\/div><\/div><\/div><\/div><\/div><\/div><div class=\"bt_bb_row_wrapper\"><div  class=\"bt_bb_row\"  data-bt-override-class=\"{}\"><div  class=\"bt_bb_column col-md-12 col-ms-12 bt_bb_align_center bt_bb_animation_fade_in move_up animate bt_bb_padding_normal bt_bb_animation_fade_in bt_bb_animation_move_up animate\"  data-width=\"12\"><div class=\"bt_bb_column_content bt_bb_vertical_align_top\"><div class=\"bt_bb_column_content_inner\"><div class=\"bt_bb_separator bt_bb_border_style_none bt_bb_bottom_spacing_medium\" data-bt-override-class=\"null\"><\/div><\/div><\/div><\/div><\/div><\/div><div class=\"bt_bb_row_wrapper\"><div  class=\"bt_bb_row\"  data-bt-override-class=\"{}\"><div  class=\"bt_bb_column col-md-6 col-sm-12 bt_bb_align_left bt_bb_animation_fade_in move_up animate bt_bb_padding_normal bt_bb_animation_fade_in bt_bb_animation_move_up animate\"  data-width=\"6\"><div class=\"bt_bb_column_content bt_bb_vertical_align_top\"><div class=\"bt_bb_column_content_inner\"><div class=\"bt_bb_card bt_bb_title_size_small bt_bb_color_scheme_2 bt_bb_title_color_scheme_3 bt_bb_icon_position_right bt_bb_icon_size_small\"><div class=\"bt_bb_card_image\"><a href=\"https:\/\/siekacz.pl\/bartosz-siekacz\/\"  target=\"_blank\"><div class=\"bt_bb_image\" data-bt-override-class=\"{}\"><span><img width=\"1600\" height=\"1500\" src=\"https:\/\/siekacz.pl\/wp-content\/uploads\/2020\/06\/bs.jpg\" class=\"attachment- size-\" alt=\"BARTOSZ SIEKACZ\" decoding=\"async\" loading=\"lazy\" data-full_image_src=\"https:\/\/siekacz.pl\/wp-content\/uploads\/2020\/06\/bs.jpg\" title=\"BARTOSZ SIEKACZ\" srcset=\"https:\/\/siekacz.pl\/wp-content\/uploads\/2020\/06\/bs.jpg 1600w, https:\/\/siekacz.pl\/wp-content\/uploads\/2020\/06\/bs-640x600.jpg 640w, https:\/\/siekacz.pl\/wp-content\/uploads\/2020\/06\/bs-1280x1200.jpg 1280w, https:\/\/siekacz.pl\/wp-content\/uploads\/2020\/06\/bs-768x720.jpg 768w, https:\/\/siekacz.pl\/wp-content\/uploads\/2020\/06\/bs-1536x1440.jpg 1536w, https:\/\/siekacz.pl\/wp-content\/uploads\/2020\/06\/bs-320x300.jpg 320w\" sizes=\"(max-width: 1600px) 100vw, 1600px\" \/><\/span><\/div><\/a><\/div><div class=\"bt_bb_card_content\"><div class=\"bt_bb_card_icon_box\"><\/div><div class=\"bt_bb_card_text_box\"><h3 class=\"bt_bb_card_title\"><a href=\"https:\/\/siekacz.pl\/bartosz-siekacz\/\"  target=\"_blank\">BARTOSZ SIEKACZ<\/a><\/h3><div class=\"bt_bb_card_text\">Founder and CEO of the law firm<\/div><div class=\"bt_bb_card_content_inner\"><div class=\"bt_bb_separator bt_bb_border_style_none bt_bb_bottom_spacing_small\" data-bt-override-class=\"null\"><\/div><\/div><\/div><\/div><\/div><div class=\"bt_bb_separator bt_bb_border_style_none bt_bb_bottom_spacing_medium\" data-bt-override-class=\"null\"><\/div><\/div><\/div><\/div><div  class=\"bt_bb_column col-md-6 col-sm-12 bt_bb_align_left bt_bb_animation_fade_in move_up animate bt_bb_padding_normal bt_bb_animation_fade_in bt_bb_animation_move_up animate\"  data-width=\"6\"><div class=\"bt_bb_column_content bt_bb_vertical_align_top\"><div class=\"bt_bb_column_content_inner\"><div class=\"bt_bb_card bt_bb_title_size_small bt_bb_color_scheme_2 bt_bb_title_color_scheme_3 bt_bb_icon_position_right bt_bb_icon_size_small\"><div class=\"bt_bb_card_image\"><a href=\"https:\/\/siekacz.pl\/aneta-nitschke\/\"  target=\"_blank\"><div class=\"bt_bb_image\" data-bt-override-class=\"{}\"><span><img width=\"1601\" height=\"1501\" src=\"https:\/\/siekacz.pl\/wp-content\/uploads\/2020\/11\/an-photo.jpg\" class=\"attachment- size-\" alt=\"ANETA NITSCHKE\" decoding=\"async\" loading=\"lazy\" data-full_image_src=\"https:\/\/siekacz.pl\/wp-content\/uploads\/2020\/11\/an-photo.jpg\" title=\"ANETA NITSCHKE\" srcset=\"https:\/\/siekacz.pl\/wp-content\/uploads\/2020\/11\/an-photo.jpg 1601w, https:\/\/siekacz.pl\/wp-content\/uploads\/2020\/11\/an-photo-640x600.jpg 640w, https:\/\/siekacz.pl\/wp-content\/uploads\/2020\/11\/an-photo-1280x1200.jpg 1280w, https:\/\/siekacz.pl\/wp-content\/uploads\/2020\/11\/an-photo-768x720.jpg 768w, https:\/\/siekacz.pl\/wp-content\/uploads\/2020\/11\/an-photo-1536x1440.jpg 1536w, https:\/\/siekacz.pl\/wp-content\/uploads\/2020\/11\/an-photo-320x300.jpg 320w\" sizes=\"(max-width: 1601px) 100vw, 1601px\" \/><\/span><\/div><\/a><\/div><div class=\"bt_bb_card_content\"><div class=\"bt_bb_card_icon_box\"><\/div><div class=\"bt_bb_card_text_box\"><h3 class=\"bt_bb_card_title\"><a href=\"https:\/\/siekacz.pl\/aneta-nitschke\/\"  target=\"_blank\">ANETA NITSCHKE<\/a><\/h3><div class=\"bt_bb_card_text\">Legal counsel<\/div><div class=\"bt_bb_card_content_inner\"><div class=\"bt_bb_separator bt_bb_border_style_none bt_bb_bottom_spacing_small\" data-bt-override-class=\"null\"><\/div><\/div><\/div><\/div><\/div><div class=\"bt_bb_separator bt_bb_border_style_none bt_bb_bottom_spacing_medium\" data-bt-override-class=\"null\"><\/div><\/div><\/div><\/div><\/div><\/div><\/div><!-- cell_inner --><\/div><!-- cell --><\/div><!-- port --><\/section>","protected":false},"excerpt":{"rendered":"","protected":false},"author":1,"featured_media":0,"parent":0,"menu_order":0,"comment_status":"closed","ping_status":"closed","template":"","meta":[],"aioseo_notices":[],"_links":{"self":[{"href":"https:\/\/siekacz.pl\/en\/wp-json\/wp\/v2\/pages\/4169"}],"collection":[{"href":"https:\/\/siekacz.pl\/en\/wp-json\/wp\/v2\/pages"}],"about":[{"href":"https:\/\/siekacz.pl\/en\/wp-json\/wp\/v2\/types\/page"}],"author":[{"embeddable":true,"href":"https:\/\/siekacz.pl\/en\/wp-json\/wp\/v2\/users\/1"}],"replies":[{"embeddable":true,"href":"https:\/\/siekacz.pl\/en\/wp-json\/wp\/v2\/comments?post=4169"}],"version-history":[{"count":6,"href":"https:\/\/siekacz.pl\/en\/wp-json\/wp\/v2\/pages\/4169\/revisions"}],"predecessor-version":[{"id":4504,"href":"https:\/\/siekacz.pl\/en\/wp-json\/wp\/v2\/pages\/4169\/revisions\/4504"}],"wp:attachment":[{"href":"https:\/\/siekacz.pl\/en\/wp-json\/wp\/v2\/media?parent=4169"}],"curies":[{"name":"wp","href":"https:\/\/api.w.org\/{rel}","templated":true}]}}